{"id":2045,"date":"2026-03-07T16:42:04","date_gmt":"2026-03-07T16:42:04","guid":{"rendered":"https:\/\/caterpy.store\/?page_id=2045"},"modified":"2026-03-07T17:18:39","modified_gmt":"2026-03-07T17:18:39","slug":"aviso-legal","status":"publish","type":"page","link":"https:\/\/caterpy.store\/ca\/aviso-legal\/","title":{"rendered":"Aviso legal"},"content":{"rendered":"<div data-elementor-type=\"wp-page\" data-elementor-id=\"2045\" class=\"elementor elementor-2045\" data-elementor-post-type=\"page\">\n\t\t\t\t\t\t<section class=\"elementor-section elementor-top-section elementor-element elementor-element-fc067c10 elementor-section-boxed elementor-section-height-default elementor-section-height-default wpr-particle-no wpr-jarallax-no wpr-parallax-no wpr-sticky-section-no\" data-id=\"fc067c10\" data-element_type=\"section\" data-e-type=\"section\" data-settings=\"{&quot;background_background&quot;:&quot;classic&quot;}\">\n\t\t\t\t\t\t\t<div class=\"elementor-background-overlay\"><\/div>\n\t\t\t\t\t\t\t<div class=\"elementor-container elementor-column-gap-default\">\n\t\t\t\t\t<div class=\"elementor-column elementor-col-100 elementor-top-column elementor-element elementor-element-3571f9f3\" data-id=\"3571f9f3\" data-element_type=\"column\" data-e-type=\"column\">\n\t\t\t<div class=\"elementor-widget-wrap elementor-element-populated\">\n\t\t\t\t\t\t<div class=\"elementor-element elementor-element-34abf767 elementor-widget elementor-widget-heading\" data-id=\"34abf767\" data-element_type=\"widget\" data-e-type=\"widget\" data-widget_type=\"heading.default\">\n\t\t\t\t<div class=\"elementor-widget-container\">\n\t\t\t\t\t<h2 class=\"elementor-heading-title elementor-size-default\">Av\u00eds Legal<\/h2>\t\t\t\t<\/div>\n\t\t\t\t<\/div>\n\t\t\t\t\t<\/div>\n\t\t<\/div>\n\t\t\t\t\t<\/div>\n\t\t<\/section>\n\t\t<div class=\"elementor-element elementor-element-3a31918 e-flex e-con-boxed wpr-particle-no wpr-jarallax-no wpr-parallax-no wpr-sticky-section-no e-con e-parent\" data-id=\"3a31918\" data-element_type=\"container\" data-e-type=\"container\">\n\t\t\t\t\t<div class=\"e-con-inner\">\n\t\t\t\t<div class=\"elementor-element elementor-element-e522259 elementor-widget elementor-widget-text-editor\" data-id=\"e522259\" data-element_type=\"widget\" data-e-type=\"widget\" data-widget_type=\"text-editor.default\">\n\t\t\t\t<div class=\"elementor-widget-container\">\n\t\t\t\t\t\t\t\t\t<p data-start=\"142\" data-end=\"298\">En compliment amb el deure informaci\u00f3 recollit a la legislaci\u00f3 vigent, s&#039;informa els usuaris de les seg\u00fcents dades del titular del lloc web.<\/p><h2 data-section-id=\"1kgmbba\" data-start=\"300\" data-end=\"320\">Dades del titular<\/h2><p data-start=\"322\" data-end=\"542\"><strong data-start=\"322\" data-end=\"334\">Titular:<\/strong> Zona Esport Outdoor<br data-start=\"355\" data-end=\"358\" \/><strong data-start=\"358\" data-end=\"372\">Adre\u00e7a:<\/strong> C\/ Joaquim Viola Lafuerza n\u00fam. 22 baixos, La Seu d&#039;Urgell, CP 25700, Lleida, Espanya<br data-start=\"454\" data-end=\"457\" \/><strong data-start=\"457\" data-end=\"470\">Tel\u00e8fon:<\/strong> +34 632 929142<br data-start=\"485\" data-end=\"488\" \/><strong data-start=\"488\" data-end=\"511\">Correu electr\u00f2nic:<\/strong> <a class=\"decorated-link cursor-pointer\" rel=\"noopener\" data-start=\"512\" data-end=\"540\">zonadeporteoutdoor@gmail.com<\/a><\/p><h2 data-section-id=\"119qxoc\" data-start=\"544\" data-end=\"553\">Objecte<\/h2><p data-start=\"555\" data-end=\"726\">Aquest lloc web t\u00e9 com a finalitat oferir informaci\u00f3 sobre els productes de la marca Caterpy, incloent cordons el\u00e0stics esportius i accessoris relacionats.<\/p><p data-start=\"728\" data-end=\"905\">L&#039;acc\u00e9s i l&#039;\u00fas d&#039;aquest lloc web atribueix la condici\u00f3 d&#039;usuari, cosa que implica l&#039;acceptaci\u00f3 plena i sense reserves de les condicions establertes en aquest Av\u00eds Legal.<\/p><h2 data-section-id=\"1mb30cf\" data-start=\"907\" data-end=\"928\">Condicions d&#039;\u00fas<\/h2><p data-start=\"930\" data-end=\"1066\">L&#039;usuari es compromet a utilitzar el lloc web de manera adequada i d&#039;acord amb la legislaci\u00f3 vigent, la bona fe i l&#039;ordre p\u00fablic.<\/p><p data-start=\"1068\" data-end=\"1197\">Queda prohibit l\u00fas del lloc web amb fins il\u00b7l\u00edcits, lesius o que puguin causar perjudici al titular del lloc oa tercers.<\/p><h2 data-section-id=\"4ky5j\" data-start=\"1199\" data-end=\"1236\">Propietat intel\u00b7lectual i industrial<\/h2><p data-start=\"1238\" data-end=\"1429\">Tots els continguts del lloc web, incloent-hi textos, imatges, dissenys, logotips, marques i qualsevol altre material, estan protegits pels drets de propietat intel\u00b7lectual i industrial.<\/p><p data-start=\"1431\" data-end=\"1546\">Queda prohibida la seva reproducci\u00f3, distribuci\u00f3 o modificaci\u00f3 sense lautoritzaci\u00f3 pr\u00e8via i expressa dels seus titulars.<\/p><h2 data-section-id=\"56ynsd\" data-start=\"1548\" data-end=\"1566\">Responsabilitat<\/h2><p data-start=\"1568\" data-end=\"1684\">El titular del lloc web no es responsabilitza del mal \u00fas que els usuaris puguin fer del contingut del lloc web.<\/p><p data-start=\"1686\" data-end=\"1799\">Aix\u00ed mateix, no es garanteix l&#039;abs\u00e8ncia d&#039;errors als continguts ni la disponibilitat permanent del lloc web.<\/p><h2 data-section-id=\"1s4s0qi\" data-start=\"1801\" data-end=\"1820\">Enlla\u00e7os externs<\/h2><p data-start=\"1822\" data-end=\"1988\">Aquest lloc web pot contenir enlla\u00e7os a p\u00e0gines web de tercers. El titular no es responsabilitza dels continguts ni de les pol\u00edtiques de privadesa d&#039;aquests llocs.<\/p><h2 data-section-id=\"1crhyja\" data-start=\"1990\" data-end=\"2014\">Legislaci\u00f3 aplicable<\/h2><p data-start=\"2016\" data-end=\"2222\">Aquest Av\u00eds Legal es regeix per la legislaci\u00f3 espanyola. Qualsevol controv\u00e8rsia que pogu\u00e9s derivar-se de l&#039;acc\u00e9s o l&#039;\u00fas del lloc web ser\u00e0 sotmesa als jutjats i tribunals corresponents d&#039;Espanya.<\/p>\t\t\t\t\t\t\t\t<\/div>\n\t\t\t\t<\/div>\n\t\t\t\t\t<\/div>\n\t\t\t\t<\/div>\n\t\t\t\t<\/div>","protected":false},"excerpt":{"rendered":"<p>Aviso Legal En cumplimiento con el deber de informaci\u00f3n recogido en la legislaci\u00f3n vigente, se informa a los usuarios de los siguientes datos del titular del sitio web. Datos del titular Titular: Zona Deporte OutdoorDirecci\u00f3n: C\/ Joaqu\u00edm Viola Lafuerza n.\u00ba 22 bajos, La Seu d\u2019Urgell, CP 25700, Lleida, Espa\u00f1aTel\u00e9fono: +34 632 929142Correo electr\u00f3nico: zonadeporteoutdoor@gmail.com Objeto El presente sitio web tiene como finalidad ofrecer informaci\u00f3n sobre los productos de la marca Caterpy, incluyendo cordones el\u00e1sticos deportivos y accesorios relacionados. El acceso y uso de este sitio web atribuye la condici\u00f3n de usuario, lo que implica la aceptaci\u00f3n plena y sin reservas de las condiciones establecidas en el presente Aviso Legal. Condiciones de uso El usuario se compromete a utilizar el sitio web de manera adecuada y conforme a la legislaci\u00f3n vigente, la buena fe y el orden p\u00fablico. Queda prohibido el uso del sitio web con fines il\u00edcitos, lesivos o que puedan causar perjuicio al titular del sitio o a terceros. Propiedad intelectual e industrial Todos los contenidos del sitio web, incluyendo textos, im\u00e1genes, dise\u00f1os, logotipos, marcas y cualquier otro material, est\u00e1n protegidos por los derechos de propiedad intelectual e industrial. Queda prohibida su reproducci\u00f3n, distribuci\u00f3n o modificaci\u00f3n sin la autorizaci\u00f3n previa y expresa de sus titulares. Responsabilidad El titular del sitio web no se responsabiliza del mal uso que los usuarios puedan hacer del contenido del sitio web. Asimismo, no se garantiza la ausencia de errores en los contenidos ni la disponibilidad permanente del sitio web. Enlaces externos Este sitio web puede contener enlaces a p\u00e1ginas web de terceros. El titular no se responsabiliza de los contenidos ni de las pol\u00edticas de privacidad de dichos sitios. Legislaci\u00f3n aplicable El presente Aviso Legal se rige por la legislaci\u00f3n espa\u00f1ola. Cualquier controversia que pudiera derivarse del acceso o uso del sitio web ser\u00e1 sometida a los juzgados y tribunales correspondientes de Espa\u00f1a.<\/p>","protected":false},"author":1,"featured_media":0,"parent":0,"menu_order":0,"comment_status":"closed","ping_status":"closed","template":"elementor_header_footer","meta":{"_uag_custom_page_level_css":"","site-sidebar-layout":"no-sidebar","site-content-layout":"page-builder","ast-site-content-layout":"full-width-container","site-content-style":"default","site-sidebar-style":"default","ast-global-header-display":"","ast-banner-title-visibility":"","ast-main-header-display":"","ast-hfb-above-header-display":"","ast-hfb-below-header-display":"","ast-hfb-mobile-header-display":"","site-post-title":"","ast-breadcrumbs-content":"","ast-featured-img":"disabled","footer-sml-layout":"","ast-disable-related-posts":"","theme-transparent-header-meta":"","adv-header-id-meta":"","stick-header-meta":"","header-above-stick-meta":"","header-main-stick-meta":"","header-below-stick-meta":"","astra-migrate-meta-layouts":"set","ast-page-background-enabled":"default","ast-page-background-meta":{"desktop":{"background-color":"","background-image":"","background-repeat":"repeat","background-position":"center center","background-size":"auto","background-attachment":"scroll","background-type":"","background-media":"","overlay-type":"","overlay-color":"","overlay-opacity":"","overlay-gradient":""},"tablet":{"background-color":"","background-image":"","background-repeat":"repeat","background-position":"center center","background-size":"auto","background-attachment":"scroll","background-type":"","background-media":"","overlay-type":"","overlay-color":"","overlay-opacity":"","overlay-gradient":""},"mobile":{"background-color":"","background-image":"","background-repeat":"repeat","background-position":"center center","background-size":"auto","background-attachment":"scroll","background-type":"","background-media":"","overlay-type":"","overlay-color":"","overlay-opacity":"","overlay-gradient":""}},"ast-content-background-meta":{"desktop":{"background-color":"var(--ast-global-color-5)","background-image":"","background-repeat":"repeat","background-position":"center center","background-size":"auto","background-attachment":"scroll","background-type":"","background-media":"","overlay-type":"","overlay-color":"","overlay-opacity":"","overlay-gradient":""},"tablet":{"background-color":"var(--ast-global-color-5)","background-image":"","background-repeat":"repeat","background-position":"center center","background-size":"auto","background-attachment":"scroll","background-type":"","background-media":"","overlay-type":"","overlay-color":"","overlay-opacity":"","overlay-gradient":""},"mobile":{"background-color":"var(--ast-global-color-5)","background-image":"","background-repeat":"repeat","background-position":"center center","background-size":"auto","background-attachment":"scroll","background-type":"","background-media":"","overlay-type":"","overlay-color":"","overlay-opacity":"","overlay-gradient":""}},"_joinchat":[],"footnotes":""},"class_list":["post-2045","page","type-page","status-publish","hentry"],"_hostinger_reach_plugin_has_subscription_block":false,"_hostinger_reach_plugin_is_elementor":false,"uagb_featured_image_src":{"full":false,"thumbnail":false,"medium":false,"medium_large":false,"large":false,"1536x1536":false,"2048x2048":false,"trp-custom-language-flag":false},"uagb_author_info":{"display_name":"gerardberroya@gmail.com","author_link":"https:\/\/caterpy.store\/ca\/author\/gerardberroyagmail-com\/"},"uagb_comment_info":0,"uagb_excerpt":"Aviso Legal En cumplimiento con el deber de informaci\u00f3n recogido en la legislaci\u00f3n vigente, se informa a los usuarios de los siguientes datos del titular del sitio web. Datos del titular Titular: Zona Deporte OutdoorDirecci\u00f3n: C\/ Joaqu\u00edm Viola Lafuerza n.\u00ba 22 bajos, La Seu d\u2019Urgell, CP 25700, Lleida, Espa\u00f1aTel\u00e9fono: +34 632 929142Correo electr\u00f3nico: zonadeporteoutdoor@gmail.com Objeto&hellip;","_links":{"self":[{"href":"https:\/\/caterpy.store\/ca\/wp-json\/wp\/v2\/pages\/2045","targetHints":{"allow":["GET"]}}],"collection":[{"href":"https:\/\/caterpy.store\/ca\/wp-json\/wp\/v2\/pages"}],"about":[{"href":"https:\/\/caterpy.store\/ca\/wp-json\/wp\/v2\/types\/page"}],"author":[{"embeddable":true,"href":"https:\/\/caterpy.store\/ca\/wp-json\/wp\/v2\/users\/1"}],"replies":[{"embeddable":true,"href":"https:\/\/caterpy.store\/ca\/wp-json\/wp\/v2\/comments?post=2045"}],"version-history":[{"count":19,"href":"https:\/\/caterpy.store\/ca\/wp-json\/wp\/v2\/pages\/2045\/revisions"}],"predecessor-version":[{"id":2076,"href":"https:\/\/caterpy.store\/ca\/wp-json\/wp\/v2\/pages\/2045\/revisions\/2076"}],"wp:attachment":[{"href":"https:\/\/caterpy.store\/ca\/wp-json\/wp\/v2\/media?parent=2045"}],"curies":[{"name":"wp","href":"https:\/\/api.w.org\/{rel}","templated":true}]}}