{"id":2045,"date":"2026-03-07T16:42:04","date_gmt":"2026-03-07T16:42:04","guid":{"rendered":"https:\/\/caterpy.store\/?page_id=2045"},"modified":"2026-03-07T17:18:39","modified_gmt":"2026-03-07T17:18:39","slug":"aviso-legal","status":"publish","type":"page","link":"https:\/\/caterpy.store\/it\/aviso-legal\/","title":{"rendered":"Aviso legal"},"content":{"rendered":"<div data-elementor-type=\"wp-page\" data-elementor-id=\"2045\" class=\"elementor elementor-2045\" data-elementor-post-type=\"page\">\n\t\t\t\t\t\t<section class=\"elementor-section elementor-top-section elementor-element elementor-element-fc067c10 elementor-section-boxed elementor-section-height-default elementor-section-height-default wpr-particle-no wpr-jarallax-no wpr-parallax-no wpr-sticky-section-no\" data-id=\"fc067c10\" data-element_type=\"section\" data-e-type=\"section\" data-settings=\"{&quot;background_background&quot;:&quot;classic&quot;}\">\n\t\t\t\t\t\t\t<div class=\"elementor-background-overlay\"><\/div>\n\t\t\t\t\t\t\t<div class=\"elementor-container elementor-column-gap-default\">\n\t\t\t\t\t<div class=\"elementor-column elementor-col-100 elementor-top-column elementor-element elementor-element-3571f9f3\" data-id=\"3571f9f3\" data-element_type=\"column\" data-e-type=\"column\">\n\t\t\t<div class=\"elementor-widget-wrap elementor-element-populated\">\n\t\t\t\t\t\t<div class=\"elementor-element elementor-element-34abf767 elementor-widget elementor-widget-heading\" data-id=\"34abf767\" data-element_type=\"widget\" data-e-type=\"widget\" data-widget_type=\"heading.default\">\n\t\t\t\t<div class=\"elementor-widget-container\">\n\t\t\t\t\t<h2 class=\"elementor-heading-title elementor-size-default\">Avviso legale<\/h2>\t\t\t\t<\/div>\n\t\t\t\t<\/div>\n\t\t\t\t\t<\/div>\n\t\t<\/div>\n\t\t\t\t\t<\/div>\n\t\t<\/section>\n\t\t<div class=\"elementor-element elementor-element-3a31918 e-flex e-con-boxed wpr-particle-no wpr-jarallax-no wpr-parallax-no wpr-sticky-section-no e-con e-parent\" data-id=\"3a31918\" data-element_type=\"container\" data-e-type=\"container\">\n\t\t\t\t\t<div class=\"e-con-inner\">\n\t\t\t\t<div class=\"elementor-element elementor-element-e522259 elementor-widget elementor-widget-text-editor\" data-id=\"e522259\" data-element_type=\"widget\" data-e-type=\"widget\" data-widget_type=\"text-editor.default\">\n\t\t\t\t<div class=\"elementor-widget-container\">\n\t\t\t\t\t\t\t\t\t<p data-start=\"142\" data-end=\"298\">In ottemperanza all&#039;obbligo di informazione previsto dalla normativa vigente, si comunicano agli utenti i seguenti dati del titolare del sito web.<\/p><h2 data-section-id=\"1kgmbba\" data-start=\"300\" data-end=\"320\">Dettagli del titolare<\/h2><p data-start=\"322\" data-end=\"542\"><strong data-start=\"322\" data-end=\"334\">Titolare:<\/strong> Zona sportiva all&#039;aperto<br data-start=\"355\" data-end=\"358\" \/><strong data-start=\"358\" data-end=\"372\">Indirizzo:<\/strong> C\/ Joaqu\u00edm Viola Lafuerza n.\u00ba 22 piano terra, La Seu d&#039;Urgell, CP 25700, Lleida, Spagna<br data-start=\"454\" data-end=\"457\" \/><strong data-start=\"457\" data-end=\"470\">Telefono:<\/strong> +34 632 929142<br data-start=\"485\" data-end=\"488\" \/><strong data-start=\"488\" data-end=\"511\">E-mail:<\/strong> <a class=\"decorated-link cursor-pointer\" rel=\"noopener\" data-start=\"512\" data-end=\"540\">zonadeporteoutdoor@gmail.com<\/a><\/p><h2 data-section-id=\"119qxoc\" data-start=\"544\" data-end=\"553\">Oggetto<\/h2><p data-start=\"555\" data-end=\"726\">Lo scopo di questo sito web \u00e8 fornire informazioni sui prodotti del marchio Caterpy, compresi i lacci elastici sportivi e gli accessori correlati.<\/p><p data-start=\"728\" data-end=\"905\">L&#039;accesso e l&#039;utilizzo di questo sito web conferiscono la condizione di utente, il che implica l&#039;accettazione piena e senza riserve delle condizioni stabilite nel presente Avviso Legale.<\/p><h2 data-section-id=\"1mb30cf\" data-start=\"907\" data-end=\"928\">Termini di utilizzo<\/h2><p data-start=\"930\" data-end=\"1066\">L&#039;utente si impegna a utilizzare il sito web in modo appropriato e nel rispetto della normativa vigente, della buona fede e dell&#039;ordine pubblico.<\/p><p data-start=\"1068\" data-end=\"1197\">\u00c8 vietato l&#039;uso del sito web per scopi illeciti, dannosi o potenzialmente lesivi per il proprietario del sito web o per terzi.<\/p><h2 data-section-id=\"4ky5j\" data-start=\"1199\" data-end=\"1236\">Propriet\u00e0 intellettuale e industriale<\/h2><p data-start=\"1238\" data-end=\"1429\">Tutti i contenuti del sito web, compresi testi, immagini, design, loghi, marchi e qualsiasi altro materiale, sono protetti dai diritti di propriet\u00e0 intellettuale e industriale.<\/p><p data-start=\"1431\" data-end=\"1546\">La sua riproduzione, distribuzione o modifica \u00e8 vietata senza la preventiva ed espressa autorizzazione dei rispettivi proprietari.<\/p><h2 data-section-id=\"56ynsd\" data-start=\"1548\" data-end=\"1566\">Responsabilit\u00e0<\/h2><p data-start=\"1568\" data-end=\"1684\">Il proprietario del sito web non \u00e8 responsabile per eventuali usi impropri dei contenuti del sito web da parte degli utenti.<\/p><p data-start=\"1686\" data-end=\"1799\">Inoltre non si garantisce l&#039;assenza di errori nei contenuti e la disponibilit\u00e0 permanente del sito web.<\/p><h2 data-section-id=\"1s4s0qi\" data-start=\"1801\" data-end=\"1820\">Link esterni<\/h2><p data-start=\"1822\" data-end=\"1988\">Questo sito web potrebbe contenere link a siti web di terze parti. Il proprietario non \u00e8 responsabile del contenuto o delle politiche sulla privacy di tali siti.<\/p><h2 data-section-id=\"1crhyja\" data-start=\"1990\" data-end=\"2014\">Legislazione applicabile<\/h2><p data-start=\"2016\" data-end=\"2222\">Il presente Avviso Legale \u00e8 regolato dalla legge spagnola. Qualsiasi controversia derivante dall&#039;accesso o dall&#039;utilizzo di questo sito web sar\u00e0 soggetta alla giurisdizione dei tribunali spagnoli.<\/p>\t\t\t\t\t\t\t\t<\/div>\n\t\t\t\t<\/div>\n\t\t\t\t\t<\/div>\n\t\t\t\t<\/div>\n\t\t\t\t<\/div>","protected":false},"excerpt":{"rendered":"<p>Aviso Legal En cumplimiento con el deber de informaci\u00f3n recogido en la legislaci\u00f3n vigente, se informa a los usuarios de los siguientes datos del titular del sitio web. Datos del titular Titular: Zona Deporte OutdoorDirecci\u00f3n: C\/ Joaqu\u00edm Viola Lafuerza n.\u00ba 22 bajos, La Seu d\u2019Urgell, CP 25700, Lleida, Espa\u00f1aTel\u00e9fono: +34 632 929142Correo electr\u00f3nico: zonadeporteoutdoor@gmail.com Objeto El presente sitio web tiene como finalidad ofrecer informaci\u00f3n sobre los productos de la marca Caterpy, incluyendo cordones el\u00e1sticos deportivos y accesorios relacionados. El acceso y uso de este sitio web atribuye la condici\u00f3n de usuario, lo que implica la aceptaci\u00f3n plena y sin reservas de las condiciones establecidas en el presente Aviso Legal. Condiciones de uso El usuario se compromete a utilizar el sitio web de manera adecuada y conforme a la legislaci\u00f3n vigente, la buena fe y el orden p\u00fablico. Queda prohibido el uso del sitio web con fines il\u00edcitos, lesivos o que puedan causar perjuicio al titular del sitio o a terceros. Propiedad intelectual e industrial Todos los contenidos del sitio web, incluyendo textos, im\u00e1genes, dise\u00f1os, logotipos, marcas y cualquier otro material, est\u00e1n protegidos por los derechos de propiedad intelectual e industrial. Queda prohibida su reproducci\u00f3n, distribuci\u00f3n o modificaci\u00f3n sin la autorizaci\u00f3n previa y expresa de sus titulares. Responsabilidad El titular del sitio web no se responsabiliza del mal uso que los usuarios puedan hacer del contenido del sitio web. Asimismo, no se garantiza la ausencia de errores en los contenidos ni la disponibilidad permanente del sitio web. Enlaces externos Este sitio web puede contener enlaces a p\u00e1ginas web de terceros. El titular no se responsabiliza de los contenidos ni de las pol\u00edticas de privacidad de dichos sitios. Legislaci\u00f3n aplicable El presente Aviso Legal se rige por la legislaci\u00f3n espa\u00f1ola. Cualquier controversia que pudiera derivarse del acceso o uso del sitio web ser\u00e1 sometida a los juzgados y tribunales correspondientes de Espa\u00f1a.<\/p>","protected":false},"author":1,"featured_media":0,"parent":0,"menu_order":0,"comment_status":"closed","ping_status":"closed","template":"elementor_header_footer","meta":{"_uag_custom_page_level_css":"","site-sidebar-layout":"no-sidebar","site-content-layout":"page-builder","ast-site-content-layout":"full-width-container","site-content-style":"default","site-sidebar-style":"default","ast-global-header-display":"","ast-banner-title-visibility":"","ast-main-header-display":"","ast-hfb-above-header-display":"","ast-hfb-below-header-display":"","ast-hfb-mobile-header-display":"","site-post-title":"","ast-breadcrumbs-content":"","ast-featured-img":"disabled","footer-sml-layout":"","ast-disable-related-posts":"","theme-transparent-header-meta":"","adv-header-id-meta":"","stick-header-meta":"","header-above-stick-meta":"","header-main-stick-meta":"","header-below-stick-meta":"","astra-migrate-meta-layouts":"set","ast-page-background-enabled":"default","ast-page-background-meta":{"desktop":{"background-color":"","background-image":"","background-repeat":"repeat","background-position":"center center","background-size":"auto","background-attachment":"scroll","background-type":"","background-media":"","overlay-type":"","overlay-color":"","overlay-opacity":"","overlay-gradient":""},"tablet":{"background-color":"","background-image":"","background-repeat":"repeat","background-position":"center center","background-size":"auto","background-attachment":"scroll","background-type":"","background-media":"","overlay-type":"","overlay-color":"","overlay-opacity":"","overlay-gradient":""},"mobile":{"background-color":"","background-image":"","background-repeat":"repeat","background-position":"center center","background-size":"auto","background-attachment":"scroll","background-type":"","background-media":"","overlay-type":"","overlay-color":"","overlay-opacity":"","overlay-gradient":""}},"ast-content-background-meta":{"desktop":{"background-color":"var(--ast-global-color-5)","background-image":"","background-repeat":"repeat","background-position":"center center","background-size":"auto","background-attachment":"scroll","background-type":"","background-media":"","overlay-type":"","overlay-color":"","overlay-opacity":"","overlay-gradient":""},"tablet":{"background-color":"var(--ast-global-color-5)","background-image":"","background-repeat":"repeat","background-position":"center center","background-size":"auto","background-attachment":"scroll","background-type":"","background-media":"","overlay-type":"","overlay-color":"","overlay-opacity":"","overlay-gradient":""},"mobile":{"background-color":"var(--ast-global-color-5)","background-image":"","background-repeat":"repeat","background-position":"center center","background-size":"auto","background-attachment":"scroll","background-type":"","background-media":"","overlay-type":"","overlay-color":"","overlay-opacity":"","overlay-gradient":""}},"_joinchat":[],"footnotes":""},"class_list":["post-2045","page","type-page","status-publish","hentry"],"_hostinger_reach_plugin_has_subscription_block":false,"_hostinger_reach_plugin_is_elementor":false,"uagb_featured_image_src":{"full":false,"thumbnail":false,"medium":false,"medium_large":false,"large":false,"1536x1536":false,"2048x2048":false,"trp-custom-language-flag":false},"uagb_author_info":{"display_name":"gerardberroya@gmail.com","author_link":"https:\/\/caterpy.store\/it\/author\/gerardberroyagmail-com\/"},"uagb_comment_info":0,"uagb_excerpt":"Aviso Legal En cumplimiento con el deber de informaci\u00f3n recogido en la legislaci\u00f3n vigente, se informa a los usuarios de los siguientes datos del titular del sitio web. Datos del titular Titular: Zona Deporte OutdoorDirecci\u00f3n: C\/ Joaqu\u00edm Viola Lafuerza n.\u00ba 22 bajos, La Seu d\u2019Urgell, CP 25700, Lleida, Espa\u00f1aTel\u00e9fono: +34 632 929142Correo electr\u00f3nico: zonadeporteoutdoor@gmail.com Objeto&hellip;","_links":{"self":[{"href":"https:\/\/caterpy.store\/it\/wp-json\/wp\/v2\/pages\/2045","targetHints":{"allow":["GET"]}}],"collection":[{"href":"https:\/\/caterpy.store\/it\/wp-json\/wp\/v2\/pages"}],"about":[{"href":"https:\/\/caterpy.store\/it\/wp-json\/wp\/v2\/types\/page"}],"author":[{"embeddable":true,"href":"https:\/\/caterpy.store\/it\/wp-json\/wp\/v2\/users\/1"}],"replies":[{"embeddable":true,"href":"https:\/\/caterpy.store\/it\/wp-json\/wp\/v2\/comments?post=2045"}],"version-history":[{"count":19,"href":"https:\/\/caterpy.store\/it\/wp-json\/wp\/v2\/pages\/2045\/revisions"}],"predecessor-version":[{"id":2076,"href":"https:\/\/caterpy.store\/it\/wp-json\/wp\/v2\/pages\/2045\/revisions\/2076"}],"wp:attachment":[{"href":"https:\/\/caterpy.store\/it\/wp-json\/wp\/v2\/media?parent=2045"}],"curies":[{"name":"wp","href":"https:\/\/api.w.org\/{rel}","templated":true}]}}