{"id":2045,"date":"2026-03-07T16:42:04","date_gmt":"2026-03-07T16:42:04","guid":{"rendered":"https:\/\/caterpy.store\/?page_id=2045"},"modified":"2026-03-07T17:18:39","modified_gmt":"2026-03-07T17:18:39","slug":"aviso-legal","status":"publish","type":"page","link":"https:\/\/caterpy.store\/ru\/aviso-legal\/","title":{"rendered":"Aviso legal"},"content":{"rendered":"<div data-elementor-type=\"wp-page\" data-elementor-id=\"2045\" class=\"elementor elementor-2045\" data-elementor-post-type=\"page\">\n\t\t\t\t\t\t<section class=\"elementor-section elementor-top-section elementor-element elementor-element-fc067c10 elementor-section-boxed elementor-section-height-default elementor-section-height-default wpr-particle-no wpr-jarallax-no wpr-parallax-no wpr-sticky-section-no\" data-id=\"fc067c10\" data-element_type=\"section\" data-e-type=\"section\" data-settings=\"{&quot;background_background&quot;:&quot;classic&quot;}\">\n\t\t\t\t\t\t\t<div class=\"elementor-background-overlay\"><\/div>\n\t\t\t\t\t\t\t<div class=\"elementor-container elementor-column-gap-default\">\n\t\t\t\t\t<div class=\"elementor-column elementor-col-100 elementor-top-column elementor-element elementor-element-3571f9f3\" data-id=\"3571f9f3\" data-element_type=\"column\" data-e-type=\"column\">\n\t\t\t<div class=\"elementor-widget-wrap elementor-element-populated\">\n\t\t\t\t\t\t<div class=\"elementor-element elementor-element-34abf767 elementor-widget elementor-widget-heading\" data-id=\"34abf767\" data-element_type=\"widget\" data-e-type=\"widget\" data-widget_type=\"heading.default\">\n\t\t\t\t<div class=\"elementor-widget-container\">\n\t\t\t\t\t<h2 class=\"elementor-heading-title elementor-size-default\">\u042e\u0440\u0438\u0434\u0438\u0447\u0435\u0441\u043a\u043e\u0435 \u0443\u0432\u0435\u0434\u043e\u043c\u043b\u0435\u043d\u0438\u0435<\/h2>\t\t\t\t<\/div>\n\t\t\t\t<\/div>\n\t\t\t\t\t<\/div>\n\t\t<\/div>\n\t\t\t\t\t<\/div>\n\t\t<\/section>\n\t\t<div class=\"elementor-element elementor-element-3a31918 e-flex e-con-boxed wpr-particle-no wpr-jarallax-no wpr-parallax-no wpr-sticky-section-no e-con e-parent\" data-id=\"3a31918\" data-element_type=\"container\" data-e-type=\"container\">\n\t\t\t\t\t<div class=\"e-con-inner\">\n\t\t\t\t<div class=\"elementor-element elementor-element-e522259 elementor-widget elementor-widget-text-editor\" data-id=\"e522259\" data-element_type=\"widget\" data-e-type=\"widget\" data-widget_type=\"text-editor.default\">\n\t\t\t\t<div class=\"elementor-widget-container\">\n\t\t\t\t\t\t\t\t\t<p data-start=\"142\" data-end=\"298\">\u0412 \u0441\u043e\u043e\u0442\u0432\u0435\u0442\u0441\u0442\u0432\u0438\u0438 \u0441 \u043e\u0431\u044f\u0437\u0430\u043d\u043d\u043e\u0441\u0442\u044c\u044e \u0438\u043d\u0444\u043e\u0440\u043c\u0438\u0440\u043e\u0432\u0430\u0442\u044c, \u0443\u0441\u0442\u0430\u043d\u043e\u0432\u043b\u0435\u043d\u043d\u043e\u0439 \u0434\u0435\u0439\u0441\u0442\u0432\u0443\u044e\u0449\u0438\u043c \u0437\u0430\u043a\u043e\u043d\u043e\u0434\u0430\u0442\u0435\u043b\u044c\u0441\u0442\u0432\u043e\u043c, \u043f\u043e\u043b\u044c\u0437\u043e\u0432\u0430\u0442\u0435\u043b\u0438 \u0443\u0432\u0435\u0434\u043e\u043c\u043b\u044f\u044e\u0442\u0441\u044f \u043e \u0441\u043b\u0435\u0434\u0443\u044e\u0449\u0438\u0445 \u0434\u0430\u043d\u043d\u044b\u0445 \u0432\u043b\u0430\u0434\u0435\u043b\u044c\u0446\u0430 \u0432\u0435\u0431-\u0441\u0430\u0439\u0442\u0430.<\/p><h2 data-section-id=\"1kgmbba\" data-start=\"300\" data-end=\"320\">\u0414\u0430\u043d\u043d\u044b\u0435 \u0432\u043b\u0430\u0434\u0435\u043b\u044c\u0446\u0430<\/h2><p data-start=\"322\" data-end=\"542\"><strong data-start=\"322\" data-end=\"334\">\u0412\u043b\u0430\u0434\u0435\u043b\u0435\u0446:<\/strong> \u0417\u043e\u043d\u0430 \u0434\u043b\u044f \u0437\u0430\u043d\u044f\u0442\u0438\u0439 \u0441\u043f\u043e\u0440\u0442\u043e\u043c \u043d\u0430 \u043e\u0442\u043a\u0440\u044b\u0442\u043e\u043c \u0432\u043e\u0437\u0434\u0443\u0445\u0435<br data-start=\"355\" data-end=\"358\" \/><strong data-start=\"358\" data-end=\"372\">\u0410\u0434\u0440\u0435\u0441:<\/strong> C\/ \u0425\u043e\u0430\u043a\u0438\u043c \u0412\u0438\u043e\u043b\u0430 \u041b\u0430\u0444\u0443\u044d\u0440\u0441\u0430 \u2116 22, \u043f\u0435\u0440\u0432\u044b\u0439 \u044d\u0442\u0430\u0436, \u0421\u0435\u043e-\u0434\u0435-\u0423\u0440\u0436\u0435\u043b\u044c, CP 25700, \u041b\u0435\u0440\u0438\u0434\u0430, \u0418\u0441\u043f\u0430\u043d\u0438\u044f<br data-start=\"454\" data-end=\"457\" \/><strong data-start=\"457\" data-end=\"470\">\u0422\u0435\u043b\u0435\u0444\u043e\u043d:<\/strong> +34 632 929142<br data-start=\"485\" data-end=\"488\" \/><strong data-start=\"488\" data-end=\"511\">\u042d\u043b\u0435\u043a\u0442\u0440\u043e\u043d\u043d\u0430\u044f \u043f\u043e\u0447\u0442\u0430:<\/strong> <a class=\"decorated-link cursor-pointer\" rel=\"noopener\" data-start=\"512\" data-end=\"540\">zonadeporteoutdoor@gmail.com<\/a><\/p><h2 data-section-id=\"119qxoc\" data-start=\"544\" data-end=\"553\">\u041e\u0431\u044a\u0435\u043a\u0442<\/h2><p data-start=\"555\" data-end=\"726\">\u0426\u0435\u043b\u044c \u0434\u0430\u043d\u043d\u043e\u0433\u043e \u0432\u0435\u0431-\u0441\u0430\u0439\u0442\u0430 \u2014 \u043f\u0440\u0435\u0434\u043e\u0441\u0442\u0430\u0432\u0438\u0442\u044c \u0438\u043d\u0444\u043e\u0440\u043c\u0430\u0446\u0438\u044e \u043e \u043f\u0440\u043e\u0434\u0443\u043a\u0446\u0438\u0438 \u0431\u0440\u0435\u043d\u0434\u0430 Caterpy, \u0432\u043a\u043b\u044e\u0447\u0430\u044f \u044d\u043b\u0430\u0441\u0442\u0438\u0447\u043d\u044b\u0435 \u0441\u043f\u043e\u0440\u0442\u0438\u0432\u043d\u044b\u0435 \u0448\u043d\u0443\u0440\u043a\u0438 \u0438 \u0441\u043e\u043f\u0443\u0442\u0441\u0442\u0432\u0443\u044e\u0449\u0438\u0435 \u0430\u043a\u0441\u0435\u0441\u0441\u0443\u0430\u0440\u044b.<\/p><p data-start=\"728\" data-end=\"905\">\u0414\u043e\u0441\u0442\u0443\u043f \u043a \u0434\u0430\u043d\u043d\u043e\u043c\u0443 \u0432\u0435\u0431-\u0441\u0430\u0439\u0442\u0443 \u0438 \u0435\u0433\u043e \u0438\u0441\u043f\u043e\u043b\u044c\u0437\u043e\u0432\u0430\u043d\u0438\u0435 \u043f\u0440\u0435\u0434\u043e\u0441\u0442\u0430\u0432\u043b\u044f\u044e\u0442 \u043f\u043e\u043b\u044c\u0437\u043e\u0432\u0430\u0442\u0435\u043b\u044e \u0441\u0442\u0430\u0442\u0443\u0441, \u0447\u0442\u043e \u043f\u043e\u0434\u0440\u0430\u0437\u0443\u043c\u0435\u0432\u0430\u0435\u0442 \u043f\u043e\u043b\u043d\u043e\u0435 \u0438 \u0431\u0435\u0437\u043e\u0433\u043e\u0432\u043e\u0440\u043e\u0447\u043d\u043e\u0435 \u043f\u0440\u0438\u043d\u044f\u0442\u0438\u0435 \u0443\u0441\u043b\u043e\u0432\u0438\u0439, \u0438\u0437\u043b\u043e\u0436\u0435\u043d\u043d\u044b\u0445 \u0432 \u043d\u0430\u0441\u0442\u043e\u044f\u0449\u0435\u043c \u044e\u0440\u0438\u0434\u0438\u0447\u0435\u0441\u043a\u043e\u043c \u0443\u0432\u0435\u0434\u043e\u043c\u043b\u0435\u043d\u0438\u0438.<\/p><h2 data-section-id=\"1mb30cf\" data-start=\"907\" data-end=\"928\">\u0423\u0441\u043b\u043e\u0432\u0438\u044f \u044d\u043a\u0441\u043f\u043b\u0443\u0430\u0442\u0430\u0446\u0438\u0438<\/h2><p data-start=\"930\" data-end=\"1066\">\u041f\u043e\u043b\u044c\u0437\u043e\u0432\u0430\u0442\u0435\u043b\u044c \u043e\u0431\u044f\u0437\u0443\u0435\u0442\u0441\u044f \u0438\u0441\u043f\u043e\u043b\u044c\u0437\u043e\u0432\u0430\u0442\u044c \u0432\u0435\u0431-\u0441\u0430\u0439\u0442 \u043d\u0430\u0434\u043b\u0435\u0436\u0430\u0449\u0438\u043c \u043e\u0431\u0440\u0430\u0437\u043e\u043c \u0438 \u0432 \u0441\u043e\u043e\u0442\u0432\u0435\u0442\u0441\u0442\u0432\u0438\u0438 \u0441 \u0434\u0435\u0439\u0441\u0442\u0432\u0443\u044e\u0449\u0438\u043c \u0437\u0430\u043a\u043e\u043d\u043e\u0434\u0430\u0442\u0435\u043b\u044c\u0441\u0442\u0432\u043e\u043c, \u043f\u0440\u0438\u043d\u0446\u0438\u043f\u0430\u043c\u0438 \u0434\u043e\u0431\u0440\u043e\u0441\u043e\u0432\u0435\u0441\u0442\u043d\u043e\u0441\u0442\u0438 \u0438 \u043e\u0431\u0449\u0435\u0441\u0442\u0432\u0435\u043d\u043d\u044b\u043c \u043f\u043e\u0440\u044f\u0434\u043a\u043e\u043c.<\/p><p data-start=\"1068\" data-end=\"1197\">\u0418\u0441\u043f\u043e\u043b\u044c\u0437\u043e\u0432\u0430\u043d\u0438\u0435 \u0432\u0435\u0431-\u0441\u0430\u0439\u0442\u0430 \u0432 \u043d\u0435\u0437\u0430\u043a\u043e\u043d\u043d\u044b\u0445, \u0432\u0440\u0435\u0434\u043d\u044b\u0445 \u0438\u043b\u0438 \u043f\u043e\u0442\u0435\u043d\u0446\u0438\u0430\u043b\u044c\u043d\u043e \u043e\u043f\u0430\u0441\u043d\u044b\u0445 \u0434\u043b\u044f \u0432\u043b\u0430\u0434\u0435\u043b\u044c\u0446\u0430 \u0432\u0435\u0431-\u0441\u0430\u0439\u0442\u0430 \u0438\u043b\u0438 \u0442\u0440\u0435\u0442\u044c\u0438\u0445 \u043b\u0438\u0446 \u0446\u0435\u043b\u044f\u0445 \u0437\u0430\u043f\u0440\u0435\u0449\u0435\u043d\u043e.<\/p><h2 data-section-id=\"4ky5j\" data-start=\"1199\" data-end=\"1236\">\u0418\u043d\u0442\u0435\u043b\u043b\u0435\u043a\u0442\u0443\u0430\u043b\u044c\u043d\u0430\u044f \u0438 \u043f\u0440\u043e\u043c\u044b\u0448\u043b\u0435\u043d\u043d\u0430\u044f \u0441\u043e\u0431\u0441\u0442\u0432\u0435\u043d\u043d\u043e\u0441\u0442\u044c<\/h2><p data-start=\"1238\" data-end=\"1429\">\u0412\u0435\u0441\u044c \u043a\u043e\u043d\u0442\u0435\u043d\u0442 \u0432\u0435\u0431-\u0441\u0430\u0439\u0442\u0430, \u0432\u043a\u043b\u044e\u0447\u0430\u044f \u0442\u0435\u043a\u0441\u0442, \u0438\u0437\u043e\u0431\u0440\u0430\u0436\u0435\u043d\u0438\u044f, \u0434\u0438\u0437\u0430\u0439\u043d, \u043b\u043e\u0433\u043e\u0442\u0438\u043f\u044b, \u0442\u043e\u0432\u0430\u0440\u043d\u044b\u0435 \u0437\u043d\u0430\u043a\u0438 \u0438 \u043b\u044e\u0431\u044b\u0435 \u0434\u0440\u0443\u0433\u0438\u0435 \u043c\u0430\u0442\u0435\u0440\u0438\u0430\u043b\u044b, \u0437\u0430\u0449\u0438\u0449\u0435\u043d \u043f\u0440\u0430\u0432\u0430\u043c\u0438 \u0438\u043d\u0442\u0435\u043b\u043b\u0435\u043a\u0442\u0443\u0430\u043b\u044c\u043d\u043e\u0439 \u0438 \u043f\u0440\u043e\u043c\u044b\u0448\u043b\u0435\u043d\u043d\u043e\u0439 \u0441\u043e\u0431\u0441\u0442\u0432\u0435\u043d\u043d\u043e\u0441\u0442\u0438.<\/p><p data-start=\"1431\" data-end=\"1546\">\u0412\u043e\u0441\u043f\u0440\u043e\u0438\u0437\u0432\u0435\u0434\u0435\u043d\u0438\u0435, \u0440\u0430\u0441\u043f\u0440\u043e\u0441\u0442\u0440\u0430\u043d\u0435\u043d\u0438\u0435 \u0438\u043b\u0438 \u0438\u0437\u043c\u0435\u043d\u0435\u043d\u0438\u0435 \u0434\u0430\u043d\u043d\u043e\u0433\u043e \u043c\u0430\u0442\u0435\u0440\u0438\u0430\u043b\u0430 \u0437\u0430\u043f\u0440\u0435\u0449\u0435\u043d\u043e \u0431\u0435\u0437 \u043f\u0440\u0435\u0434\u0432\u0430\u0440\u0438\u0442\u0435\u043b\u044c\u043d\u043e\u0433\u043e \u0438 \u043f\u0440\u044f\u043c\u043e\u0433\u043e \u0440\u0430\u0437\u0440\u0435\u0448\u0435\u043d\u0438\u044f \u0435\u0433\u043e \u0432\u043b\u0430\u0434\u0435\u043b\u044c\u0446\u0435\u0432.<\/p><h2 data-section-id=\"56ynsd\" data-start=\"1548\" data-end=\"1566\">\u041e\u0442\u0432\u0435\u0442\u0441\u0442\u0432\u0435\u043d\u043d\u043e\u0441\u0442\u044c<\/h2><p data-start=\"1568\" data-end=\"1684\">\u0412\u043b\u0430\u0434\u0435\u043b\u0435\u0446 \u0441\u0430\u0439\u0442\u0430 \u043d\u0435 \u043d\u0435\u0441\u0435\u0442 \u043e\u0442\u0432\u0435\u0442\u0441\u0442\u0432\u0435\u043d\u043d\u043e\u0441\u0442\u0438 \u0437\u0430 \u043b\u044e\u0431\u043e\u0435 \u043d\u0435\u043f\u0440\u0430\u0432\u043e\u043c\u0435\u0440\u043d\u043e\u0435 \u0438\u0441\u043f\u043e\u043b\u044c\u0437\u043e\u0432\u0430\u043d\u0438\u0435 \u0441\u043e\u0434\u0435\u0440\u0436\u0438\u043c\u043e\u0433\u043e \u0441\u0430\u0439\u0442\u0430 \u043f\u043e\u043b\u044c\u0437\u043e\u0432\u0430\u0442\u0435\u043b\u044f\u043c\u0438.<\/p><p data-start=\"1686\" data-end=\"1799\">\u041a\u0440\u043e\u043c\u0435 \u0442\u043e\u0433\u043e, \u043e\u0442\u0441\u0443\u0442\u0441\u0442\u0432\u0438\u0435 \u043e\u0448\u0438\u0431\u043e\u043a \u0432 \u0441\u043e\u0434\u0435\u0440\u0436\u0430\u043d\u0438\u0438 \u0438 \u043f\u043e\u0441\u0442\u043e\u044f\u043d\u043d\u0430\u044f \u0434\u043e\u0441\u0442\u0443\u043f\u043d\u043e\u0441\u0442\u044c \u0432\u0435\u0431-\u0441\u0430\u0439\u0442\u0430 \u043d\u0435 \u0433\u0430\u0440\u0430\u043d\u0442\u0438\u0440\u0443\u044e\u0442\u0441\u044f.<\/p><h2 data-section-id=\"1s4s0qi\" data-start=\"1801\" data-end=\"1820\">\u0412\u043d\u0435\u0448\u043d\u0438\u0435 \u0441\u0441\u044b\u043b\u043a\u0438<\/h2><p data-start=\"1822\" data-end=\"1988\">\u0414\u0430\u043d\u043d\u044b\u0439 \u0432\u0435\u0431-\u0441\u0430\u0439\u0442 \u043c\u043e\u0436\u0435\u0442 \u0441\u043e\u0434\u0435\u0440\u0436\u0430\u0442\u044c \u0441\u0441\u044b\u043b\u043a\u0438 \u043d\u0430 \u0441\u0442\u043e\u0440\u043e\u043d\u043d\u0438\u0435 \u0432\u0435\u0431-\u0441\u0430\u0439\u0442\u044b. \u0412\u043b\u0430\u0434\u0435\u043b\u0435\u0446 \u043d\u0435 \u043d\u0435\u0441\u0435\u0442 \u043e\u0442\u0432\u0435\u0442\u0441\u0442\u0432\u0435\u043d\u043d\u043e\u0441\u0442\u0438 \u0437\u0430 \u0441\u043e\u0434\u0435\u0440\u0436\u0430\u043d\u0438\u0435 \u0438\u043b\u0438 \u043f\u043e\u043b\u0438\u0442\u0438\u043a\u0443 \u043a\u043e\u043d\u0444\u0438\u0434\u0435\u043d\u0446\u0438\u0430\u043b\u044c\u043d\u043e\u0441\u0442\u0438 \u044d\u0442\u0438\u0445 \u0441\u0430\u0439\u0442\u043e\u0432.<\/p><h2 data-section-id=\"1crhyja\" data-start=\"1990\" data-end=\"2014\">\u041f\u0440\u0438\u043c\u0435\u043d\u0438\u043c\u043e\u0435 \u0437\u0430\u043a\u043e\u043d\u043e\u0434\u0430\u0442\u0435\u043b\u044c\u0441\u0442\u0432\u043e<\/h2><p data-start=\"2016\" data-end=\"2222\">\u041d\u0430\u0441\u0442\u043e\u044f\u0449\u0435\u0435 \u044e\u0440\u0438\u0434\u0438\u0447\u0435\u0441\u043a\u043e\u0435 \u0443\u0432\u0435\u0434\u043e\u043c\u043b\u0435\u043d\u0438\u0435 \u0440\u0435\u0433\u0443\u043b\u0438\u0440\u0443\u0435\u0442\u0441\u044f \u0438\u0441\u043f\u0430\u043d\u0441\u043a\u0438\u043c \u0437\u0430\u043a\u043e\u043d\u043e\u0434\u0430\u0442\u0435\u043b\u044c\u0441\u0442\u0432\u043e\u043c. \u041b\u044e\u0431\u044b\u0435 \u0441\u043f\u043e\u0440\u044b, \u0432\u043e\u0437\u043d\u0438\u043a\u0430\u044e\u0449\u0438\u0435 \u0432 \u0441\u0432\u044f\u0437\u0438 \u0441 \u0434\u043e\u0441\u0442\u0443\u043f\u043e\u043c \u043a \u0434\u0430\u043d\u043d\u043e\u043c\u0443 \u0432\u0435\u0431-\u0441\u0430\u0439\u0442\u0443 \u0438\u043b\u0438 \u0435\u0433\u043e \u0438\u0441\u043f\u043e\u043b\u044c\u0437\u043e\u0432\u0430\u043d\u0438\u0435\u043c, \u0431\u0443\u0434\u0443\u0442 \u043f\u0435\u0440\u0435\u0434\u0430\u043d\u044b \u043d\u0430 \u0440\u0430\u0441\u0441\u043c\u043e\u0442\u0440\u0435\u043d\u0438\u0435 \u0441\u043e\u043e\u0442\u0432\u0435\u0442\u0441\u0442\u0432\u0443\u044e\u0449\u0438\u043c \u0441\u0443\u0434\u0430\u043c \u0438 \u0442\u0440\u0438\u0431\u0443\u043d\u0430\u043b\u0430\u043c \u0418\u0441\u043f\u0430\u043d\u0438\u0438.<\/p>\t\t\t\t\t\t\t\t<\/div>\n\t\t\t\t<\/div>\n\t\t\t\t\t<\/div>\n\t\t\t\t<\/div>\n\t\t\t\t<\/div>","protected":false},"excerpt":{"rendered":"<p>Aviso Legal En cumplimiento con el deber de informaci\u00f3n recogido en la legislaci\u00f3n vigente, se informa a los usuarios de los siguientes datos del titular del sitio web. Datos del titular Titular: Zona Deporte OutdoorDirecci\u00f3n: C\/ Joaqu\u00edm Viola Lafuerza n.\u00ba 22 bajos, La Seu d\u2019Urgell, CP 25700, Lleida, Espa\u00f1aTel\u00e9fono: +34 632 929142Correo electr\u00f3nico: zonadeporteoutdoor@gmail.com Objeto El presente sitio web tiene como finalidad ofrecer informaci\u00f3n sobre los productos de la marca Caterpy, incluyendo cordones el\u00e1sticos deportivos y accesorios relacionados. El acceso y uso de este sitio web atribuye la condici\u00f3n de usuario, lo que implica la aceptaci\u00f3n plena y sin reservas de las condiciones establecidas en el presente Aviso Legal. Condiciones de uso El usuario se compromete a utilizar el sitio web de manera adecuada y conforme a la legislaci\u00f3n vigente, la buena fe y el orden p\u00fablico. Queda prohibido el uso del sitio web con fines il\u00edcitos, lesivos o que puedan causar perjuicio al titular del sitio o a terceros. Propiedad intelectual e industrial Todos los contenidos del sitio web, incluyendo textos, im\u00e1genes, dise\u00f1os, logotipos, marcas y cualquier otro material, est\u00e1n protegidos por los derechos de propiedad intelectual e industrial. Queda prohibida su reproducci\u00f3n, distribuci\u00f3n o modificaci\u00f3n sin la autorizaci\u00f3n previa y expresa de sus titulares. Responsabilidad El titular del sitio web no se responsabiliza del mal uso que los usuarios puedan hacer del contenido del sitio web. Asimismo, no se garantiza la ausencia de errores en los contenidos ni la disponibilidad permanente del sitio web. Enlaces externos Este sitio web puede contener enlaces a p\u00e1ginas web de terceros. El titular no se responsabiliza de los contenidos ni de las pol\u00edticas de privacidad de dichos sitios. Legislaci\u00f3n aplicable El presente Aviso Legal se rige por la legislaci\u00f3n espa\u00f1ola. Cualquier controversia que pudiera derivarse del acceso o uso del sitio web ser\u00e1 sometida a los juzgados y tribunales correspondientes de Espa\u00f1a.<\/p>","protected":false},"author":1,"featured_media":0,"parent":0,"menu_order":0,"comment_status":"closed","ping_status":"closed","template":"elementor_header_footer","meta":{"_uag_custom_page_level_css":"","site-sidebar-layout":"no-sidebar","site-content-layout":"page-builder","ast-site-content-layout":"full-width-container","site-content-style":"default","site-sidebar-style":"default","ast-global-header-display":"","ast-banner-title-visibility":"","ast-main-header-display":"","ast-hfb-above-header-display":"","ast-hfb-below-header-display":"","ast-hfb-mobile-header-display":"","site-post-title":"","ast-breadcrumbs-content":"","ast-featured-img":"disabled","footer-sml-layout":"","ast-disable-related-posts":"","theme-transparent-header-meta":"","adv-header-id-meta":"","stick-header-meta":"","header-above-stick-meta":"","header-main-stick-meta":"","header-below-stick-meta":"","astra-migrate-meta-layouts":"set","ast-page-background-enabled":"default","ast-page-background-meta":{"desktop":{"background-color":"","background-image":"","background-repeat":"repeat","background-position":"center center","background-size":"auto","background-attachment":"scroll","background-type":"","background-media":"","overlay-type":"","overlay-color":"","overlay-opacity":"","overlay-gradient":""},"tablet":{"background-color":"","background-image":"","background-repeat":"repeat","background-position":"center center","background-size":"auto","background-attachment":"scroll","background-type":"","background-media":"","overlay-type":"","overlay-color":"","overlay-opacity":"","overlay-gradient":""},"mobile":{"background-color":"","background-image":"","background-repeat":"repeat","background-position":"center center","background-size":"auto","background-attachment":"scroll","background-type":"","background-media":"","overlay-type":"","overlay-color":"","overlay-opacity":"","overlay-gradient":""}},"ast-content-background-meta":{"desktop":{"background-color":"var(--ast-global-color-5)","background-image":"","background-repeat":"repeat","background-position":"center center","background-size":"auto","background-attachment":"scroll","background-type":"","background-media":"","overlay-type":"","overlay-color":"","overlay-opacity":"","overlay-gradient":""},"tablet":{"background-color":"var(--ast-global-color-5)","background-image":"","background-repeat":"repeat","background-position":"center center","background-size":"auto","background-attachment":"scroll","background-type":"","background-media":"","overlay-type":"","overlay-color":"","overlay-opacity":"","overlay-gradient":""},"mobile":{"background-color":"var(--ast-global-color-5)","background-image":"","background-repeat":"repeat","background-position":"center center","background-size":"auto","background-attachment":"scroll","background-type":"","background-media":"","overlay-type":"","overlay-color":"","overlay-opacity":"","overlay-gradient":""}},"_joinchat":[],"footnotes":""},"class_list":["post-2045","page","type-page","status-publish","hentry"],"_hostinger_reach_plugin_has_subscription_block":false,"_hostinger_reach_plugin_is_elementor":false,"uagb_featured_image_src":{"full":false,"thumbnail":false,"medium":false,"medium_large":false,"large":false,"1536x1536":false,"2048x2048":false,"trp-custom-language-flag":false},"uagb_author_info":{"display_name":"gerardberroya@gmail.com","author_link":"https:\/\/caterpy.store\/ru\/author\/gerardberroyagmail-com\/"},"uagb_comment_info":0,"uagb_excerpt":"Aviso Legal En cumplimiento con el deber de informaci\u00f3n recogido en la legislaci\u00f3n vigente, se informa a los usuarios de los siguientes datos del titular del sitio web. Datos del titular Titular: Zona Deporte OutdoorDirecci\u00f3n: C\/ Joaqu\u00edm Viola Lafuerza n.\u00ba 22 bajos, La Seu d\u2019Urgell, CP 25700, Lleida, Espa\u00f1aTel\u00e9fono: +34 632 929142Correo electr\u00f3nico: zonadeporteoutdoor@gmail.com Objeto&hellip;","_links":{"self":[{"href":"https:\/\/caterpy.store\/ru\/wp-json\/wp\/v2\/pages\/2045","targetHints":{"allow":["GET"]}}],"collection":[{"href":"https:\/\/caterpy.store\/ru\/wp-json\/wp\/v2\/pages"}],"about":[{"href":"https:\/\/caterpy.store\/ru\/wp-json\/wp\/v2\/types\/page"}],"author":[{"embeddable":true,"href":"https:\/\/caterpy.store\/ru\/wp-json\/wp\/v2\/users\/1"}],"replies":[{"embeddable":true,"href":"https:\/\/caterpy.store\/ru\/wp-json\/wp\/v2\/comments?post=2045"}],"version-history":[{"count":19,"href":"https:\/\/caterpy.store\/ru\/wp-json\/wp\/v2\/pages\/2045\/revisions"}],"predecessor-version":[{"id":2076,"href":"https:\/\/caterpy.store\/ru\/wp-json\/wp\/v2\/pages\/2045\/revisions\/2076"}],"wp:attachment":[{"href":"https:\/\/caterpy.store\/ru\/wp-json\/wp\/v2\/media?parent=2045"}],"curies":[{"name":"wp","href":"https:\/\/api.w.org\/{rel}","templated":true}]}}