{"id":2089,"date":"2026-03-07T17:24:30","date_gmt":"2026-03-07T17:24:30","guid":{"rendered":"https:\/\/caterpy.store\/?page_id=2089"},"modified":"2026-03-07T17:26:11","modified_gmt":"2026-03-07T17:26:11","slug":"politicas-de-cookies","status":"publish","type":"page","link":"https:\/\/caterpy.store\/ru\/politicas-de-cookies\/","title":{"rendered":"\u041f\u043e\u043b\u0438\u0442\u0438\u043a\u0430 \u0438\u0441\u043f\u043e\u043b\u044c\u0437\u043e\u0432\u0430\u043d\u0438\u044f \u0444\u0430\u0439\u043b\u043e\u0432 cookie"},"content":{"rendered":"<div data-elementor-type=\"wp-page\" data-elementor-id=\"2089\" class=\"elementor elementor-2089\" data-elementor-post-type=\"page\">\n\t\t\t\t\t\t<section class=\"elementor-section elementor-top-section elementor-element elementor-element-fc067c10 elementor-section-boxed elementor-section-height-default elementor-section-height-default wpr-particle-no wpr-jarallax-no wpr-parallax-no wpr-sticky-section-no\" data-id=\"fc067c10\" data-element_type=\"section\" data-e-type=\"section\" data-settings=\"{&quot;background_background&quot;:&quot;classic&quot;}\">\n\t\t\t\t\t\t\t<div class=\"elementor-background-overlay\"><\/div>\n\t\t\t\t\t\t\t<div class=\"elementor-container elementor-column-gap-default\">\n\t\t\t\t\t<div class=\"elementor-column elementor-col-100 elementor-top-column elementor-element elementor-element-3571f9f3\" data-id=\"3571f9f3\" data-element_type=\"column\" data-e-type=\"column\">\n\t\t\t<div class=\"elementor-widget-wrap elementor-element-populated\">\n\t\t\t\t\t\t<div class=\"elementor-element elementor-element-34abf767 elementor-widget elementor-widget-heading\" data-id=\"34abf767\" data-element_type=\"widget\" data-e-type=\"widget\" data-widget_type=\"heading.default\">\n\t\t\t\t<div class=\"elementor-widget-container\">\n\t\t\t\t\t<h2 class=\"elementor-heading-title elementor-size-default\">\u041f\u043e\u043b\u0438\u0442\u0438\u043a\u0430 \u0438\u0441\u043f\u043e\u043b\u044c\u0437\u043e\u0432\u0430\u043d\u0438\u044f \u0444\u0430\u0439\u043b\u043e\u0432 cookie<\/h2>\t\t\t\t<\/div>\n\t\t\t\t<\/div>\n\t\t\t\t\t<\/div>\n\t\t<\/div>\n\t\t\t\t\t<\/div>\n\t\t<\/section>\n\t\t<div class=\"elementor-element elementor-element-3a31918 e-flex e-con-boxed wpr-particle-no wpr-jarallax-no wpr-parallax-no wpr-sticky-section-no e-con e-parent\" data-id=\"3a31918\" data-element_type=\"container\" data-e-type=\"container\">\n\t\t\t\t\t<div class=\"e-con-inner\">\n\t\t\t\t<div class=\"elementor-element elementor-element-e522259 elementor-widget elementor-widget-text-editor\" data-id=\"e522259\" data-element_type=\"widget\" data-e-type=\"widget\" data-widget_type=\"text-editor.default\">\n\t\t\t\t<div class=\"elementor-widget-container\">\n\t\t\t\t\t\t\t\t\t<p data-start=\"199\" data-end=\"447\">\u042d\u0442\u043e\u0442 \u0432\u0435\u0431-\u0441\u0430\u0439\u0442 \u0438\u0441\u043f\u043e\u043b\u044c\u0437\u0443\u0435\u0442 \u0444\u0430\u0439\u043b\u044b cookie \u0434\u043b\u044f \u0443\u043b\u0443\u0447\u0448\u0435\u043d\u0438\u044f \u0432\u0430\u0448\u0435\u0433\u043e \u043e\u043f\u044b\u0442\u0430 \u043f\u0440\u043e\u0441\u043c\u043e\u0442\u0440\u0430 \u0438 \u043e\u0431\u0435\u0441\u043f\u0435\u0447\u0435\u043d\u0438\u044f \u043a\u043e\u0440\u0440\u0435\u043a\u0442\u043d\u043e\u0439 \u0440\u0430\u0431\u043e\u0442\u044b \u0441\u0430\u0439\u0442\u0430. \u041d\u0438\u0436\u0435 \u043c\u044b \u043e\u0431\u044a\u044f\u0441\u043d\u0438\u043c, \u0447\u0442\u043e \u0442\u0430\u043a\u043e\u0435 \u0444\u0430\u0439\u043b\u044b cookie, \u043a\u0430\u043a\u0438\u0435 \u0442\u0438\u043f\u044b \u043c\u044b \u0438\u0441\u043f\u043e\u043b\u044c\u0437\u0443\u0435\u043c \u0438 \u043a\u0430\u043a \u0432\u044b \u043c\u043e\u0436\u0435\u0442\u0435 \u0438\u043c\u0438 \u0443\u043f\u0440\u0430\u0432\u043b\u044f\u0442\u044c.<\/p><h2 data-section-id=\"6aoy6r\" data-start=\"449\" data-end=\"473\">\u0427\u0442\u043e \u0442\u0430\u043a\u043e\u0435 \u043f\u0435\u0447\u0435\u043d\u044c\u0435?<\/h2><p data-start=\"475\" data-end=\"733\">\u0424\u0430\u0439\u043b\u044b cookie \u2014 \u044d\u0442\u043e \u043d\u0435\u0431\u043e\u043b\u044c\u0448\u0438\u0435 \u0442\u0435\u043a\u0441\u0442\u043e\u0432\u044b\u0435 \u0444\u0430\u0439\u043b\u044b, \u043a\u043e\u0442\u043e\u0440\u044b\u0435 \u0441\u043e\u0445\u0440\u0430\u043d\u044f\u044e\u0442\u0441\u044f \u043d\u0430 \u0432\u0430\u0448\u0435\u043c \u0443\u0441\u0442\u0440\u043e\u0439\u0441\u0442\u0432\u0435 \u043f\u0440\u0438 \u043f\u043e\u0441\u0435\u0449\u0435\u043d\u0438\u0438 \u0432\u0435\u0431-\u0441\u0430\u0439\u0442\u0430. \u041e\u043d\u0438 \u043f\u043e\u0437\u0432\u043e\u043b\u044f\u044e\u0442 \u0441\u0430\u0439\u0442\u0443 \u0437\u0430\u043f\u043e\u043c\u0438\u043d\u0430\u0442\u044c \u0438\u043d\u0444\u043e\u0440\u043c\u0430\u0446\u0438\u044e \u043e \u0432\u0430\u0448\u0435\u043c \u043f\u043e\u0441\u0435\u0449\u0435\u043d\u0438\u0438, \u043d\u0430\u043f\u0440\u0438\u043c\u0435\u0440, \u043f\u0440\u0435\u0434\u043f\u043e\u0447\u0438\u0442\u0430\u0435\u043c\u044b\u0439 \u044f\u0437\u044b\u043a \u0438\u043b\u0438 \u043f\u043e\u0441\u0435\u0449\u0435\u043d\u043d\u044b\u0435 \u0441\u0442\u0440\u0430\u043d\u0438\u0446\u044b, \u0447\u0442\u043e \u0443\u043f\u0440\u043e\u0449\u0430\u0435\u0442 \u0432\u0430\u0448\u0435 \u0441\u043b\u0435\u0434\u0443\u044e\u0449\u0435\u0435 \u043f\u043e\u0441\u0435\u0449\u0435\u043d\u0438\u0435.<\/p><p data-start=\"735\" data-end=\"831\">\u0424\u0430\u0439\u043b\u044b cookie \u043d\u0435 \u043d\u0430\u043d\u043e\u0441\u044f\u0442 \u0432\u0440\u0435\u0434\u0430 \u0432\u0430\u0448\u0435\u043c\u0443 \u0443\u0441\u0442\u0440\u043e\u0439\u0441\u0442\u0432\u0443 \u0438 \u043f\u043e\u043c\u043e\u0433\u0430\u044e\u0442 \u0443\u043b\u0443\u0447\u0448\u0438\u0442\u044c \u043a\u0430\u0447\u0435\u0441\u0442\u0432\u043e \u0438 \u0444\u0443\u043d\u043a\u0446\u0438\u043e\u043d\u0430\u043b\u044c\u043d\u043e\u0441\u0442\u044c \u0432\u0435\u0431-\u0441\u0430\u0439\u0442\u0430.<\/p><h2 data-section-id=\"12un490\" data-start=\"833\" data-end=\"867\">\u0422\u0438\u043f\u044b \u0438\u0441\u043f\u043e\u043b\u044c\u0437\u0443\u0435\u043c\u044b\u0445 \u043d\u0430\u043c\u0438 \u0444\u0430\u0439\u043b\u043e\u0432 cookie<\/h2><h3 data-section-id=\"dn9x6v\" data-start=\"869\" data-end=\"891\">\u041d\u0435\u043e\u0431\u0445\u043e\u0434\u0438\u043c\u044b\u0435 \u0444\u0430\u0439\u043b\u044b cookie<\/h3><p data-start=\"893\" data-end=\"1152\">\u042d\u0442\u0438 \u0444\u0430\u0439\u043b\u044b cookie \u043d\u0435\u043e\u0431\u0445\u043e\u0434\u0438\u043c\u044b \u0434\u043b\u044f \u0444\u0443\u043d\u043a\u0446\u0438\u043e\u043d\u0438\u0440\u043e\u0432\u0430\u043d\u0438\u044f \u0432\u0435\u0431-\u0441\u0430\u0439\u0442\u0430 \u0438 \u043d\u0435 \u043c\u043e\u0433\u0443\u0442 \u0431\u044b\u0442\u044c \u043e\u0442\u043a\u043b\u044e\u0447\u0435\u043d\u044b \u0432 \u043d\u0430\u0448\u0438\u0445 \u0441\u0438\u0441\u0442\u0435\u043c\u0430\u0445. \u041e\u0431\u044b\u0447\u043d\u043e \u043e\u043d\u0438 \u0443\u0441\u0442\u0430\u043d\u0430\u0432\u043b\u0438\u0432\u0430\u044e\u0442\u0441\u044f \u0442\u043e\u043b\u044c\u043a\u043e \u0432 \u043e\u0442\u0432\u0435\u0442 \u043d\u0430 \u0434\u0435\u0439\u0441\u0442\u0432\u0438\u044f \u043f\u043e\u043b\u044c\u0437\u043e\u0432\u0430\u0442\u0435\u043b\u044f, \u0442\u0430\u043a\u0438\u0435 \u043a\u0430\u043a \u0438\u0437\u043c\u0435\u043d\u0435\u043d\u0438\u0435 \u043d\u0430\u0441\u0442\u0440\u043e\u0435\u043a \u043a\u043e\u043d\u0444\u0438\u0434\u0435\u043d\u0446\u0438\u0430\u043b\u044c\u043d\u043e\u0441\u0442\u0438 \u0438\u043b\u0438 \u0437\u0430\u043f\u043e\u043b\u043d\u0435\u043d\u0438\u0435 \u0444\u043e\u0440\u043c.<\/p><h3 data-section-id=\"6ve7pu\" data-start=\"1154\" data-end=\"1177\">\u0410\u043d\u0430\u043b\u0438\u0442\u0438\u0447\u0435\u0441\u043a\u0438\u0435 \u0444\u0430\u0439\u043b\u044b cookie<\/h3><p data-start=\"1179\" data-end=\"1436\">\u042d\u0442\u0438 \u0444\u0430\u0439\u043b\u044b cookie \u043f\u043e\u0437\u0432\u043e\u043b\u044f\u044e\u0442 \u043d\u0430\u043c \u0430\u043d\u0430\u043b\u0438\u0437\u0438\u0440\u043e\u0432\u0430\u0442\u044c \u0432\u0437\u0430\u0438\u043c\u043e\u0434\u0435\u0439\u0441\u0442\u0432\u0438\u0435 \u043f\u043e\u043b\u044c\u0437\u043e\u0432\u0430\u0442\u0435\u043b\u0435\u0439 \u0441 \u0432\u0435\u0431-\u0441\u0430\u0439\u0442\u043e\u043c, \u0441\u043e\u0431\u0438\u0440\u0430\u044f \u0438\u043d\u0444\u043e\u0440\u043c\u0430\u0446\u0438\u044e \u043e \u043a\u043e\u043b\u0438\u0447\u0435\u0441\u0442\u0432\u0435 \u043f\u043e\u0441\u0435\u0442\u0438\u0442\u0435\u043b\u0435\u0439, \u043d\u0430\u0438\u0431\u043e\u043b\u0435\u0435 \u043f\u043e\u0441\u0435\u0449\u0430\u0435\u043c\u044b\u0445 \u0441\u0442\u0440\u0430\u043d\u0438\u0446\u0430\u0445 \u0438 \u0432\u0440\u0435\u043c\u0435\u043d\u0438 \u043f\u0440\u043e\u0441\u043c\u043e\u0442\u0440\u0430. \u042d\u0442\u0430 \u0438\u043d\u0444\u043e\u0440\u043c\u0430\u0446\u0438\u044f \u043f\u043e\u043c\u043e\u0433\u0430\u0435\u0442 \u043d\u0430\u043c \u0443\u043b\u0443\u0447\u0448\u0438\u0442\u044c \u0440\u0430\u0431\u043e\u0442\u0443 \u0441\u0430\u0439\u0442\u0430.<\/p><h3 data-section-id=\"197ruq8\" data-start=\"1438\" data-end=\"1464\">\u0424\u0430\u0439\u043b\u044b cookie \u043f\u0440\u043e\u0438\u0437\u0432\u043e\u0434\u0438\u0442\u0435\u043b\u044c\u043d\u043e\u0441\u0442\u0438<\/h3><p data-start=\"1466\" data-end=\"1644\">\u0424\u0430\u0439\u043b\u044b cookie \u043f\u0440\u043e\u0438\u0437\u0432\u043e\u0434\u0438\u0442\u0435\u043b\u044c\u043d\u043e\u0441\u0442\u0438 \u0438\u0441\u043f\u043e\u043b\u044c\u0437\u0443\u044e\u0442\u0441\u044f \u0434\u043b\u044f \u043f\u043e\u043d\u0438\u043c\u0430\u043d\u0438\u044f \u0438 \u0430\u043d\u0430\u043b\u0438\u0437\u0430 \u043a\u043b\u044e\u0447\u0435\u0432\u044b\u0445 \u043f\u043e\u043a\u0430\u0437\u0430\u0442\u0435\u043b\u0435\u0439 \u043f\u0440\u043e\u0438\u0437\u0432\u043e\u0434\u0438\u0442\u0435\u043b\u044c\u043d\u043e\u0441\u0442\u0438 \u0432\u0435\u0431-\u0441\u0430\u0439\u0442\u0430 \u0441 \u0446\u0435\u043b\u044c\u044e \u0443\u043b\u0443\u0447\u0448\u0435\u043d\u0438\u044f \u043f\u043e\u043b\u044c\u0437\u043e\u0432\u0430\u0442\u0435\u043b\u044c\u0441\u043a\u043e\u0433\u043e \u043e\u043f\u044b\u0442\u0430.<\/p><h3 data-section-id=\"44gcat\" data-start=\"1646\" data-end=\"1671\">\u0420\u0435\u043a\u043b\u0430\u043c\u043d\u044b\u0435 \u0444\u0430\u0439\u043b\u044b cookie<\/h3><p data-start=\"1673\" data-end=\"1810\">\u042d\u0442\u0438 \u0444\u0430\u0439\u043b\u044b cookie \u043c\u043e\u0433\u0443\u0442 \u0438\u0441\u043f\u043e\u043b\u044c\u0437\u043e\u0432\u0430\u0442\u044c\u0441\u044f \u0434\u043b\u044f \u043f\u043e\u043a\u0430\u0437\u0430 \u043f\u043e\u043b\u044c\u0437\u043e\u0432\u0430\u0442\u0435\u043b\u044f\u043c \u0440\u0435\u043b\u0435\u0432\u0430\u043d\u0442\u043d\u043e\u0439 \u0440\u0435\u043a\u043b\u0430\u043c\u044b \u0438 \u0434\u043b\u044f \u043e\u0446\u0435\u043d\u043a\u0438 \u044d\u0444\u0444\u0435\u043a\u0442\u0438\u0432\u043d\u043e\u0441\u0442\u0438 \u0440\u0435\u043a\u043b\u0430\u043c\u043d\u044b\u0445 \u043a\u0430\u043c\u043f\u0430\u043d\u0438\u0439.<\/p><h2 data-section-id=\"127pkwo\" data-start=\"1812\" data-end=\"1834\">\u0421\u0442\u043e\u0440\u043e\u043d\u043d\u0438\u0435 \u0444\u0430\u0439\u043b\u044b cookie<\/h2><p data-start=\"1836\" data-end=\"1996\">\u0412 \u043d\u0435\u043a\u043e\u0442\u043e\u0440\u044b\u0445 \u0441\u043b\u0443\u0447\u0430\u044f\u0445 \u043c\u044b \u043c\u043e\u0436\u0435\u043c \u0438\u0441\u043f\u043e\u043b\u044c\u0437\u043e\u0432\u0430\u0442\u044c \u0444\u0430\u0439\u043b\u044b cookie, \u043f\u0440\u0435\u0434\u043e\u0441\u0442\u0430\u0432\u043b\u044f\u0435\u043c\u044b\u0435 \u0441\u0442\u043e\u0440\u043e\u043d\u043d\u0438\u043c\u0438 \u0441\u0435\u0440\u0432\u0438\u0441\u0430\u043c\u0438, \u043a\u043e\u0442\u043e\u0440\u044b\u0435 \u043f\u043e\u043c\u043e\u0433\u0430\u044e\u0442 \u043d\u0430\u043c \u0430\u043d\u0430\u043b\u0438\u0437\u0438\u0440\u043e\u0432\u0430\u0442\u044c \u0438\u0441\u043f\u043e\u043b\u044c\u0437\u043e\u0432\u0430\u043d\u0438\u0435 \u0432\u0435\u0431-\u0441\u0430\u0439\u0442\u0430 \u0438\u043b\u0438 \u0443\u043b\u0443\u0447\u0448\u0430\u0442\u044c \u043d\u0430\u0448\u0438 \u0443\u0441\u043b\u0443\u0433\u0438.<\/p><p data-start=\"1998\" data-end=\"2105\">\u042d\u0442\u0438 \u0441\u0442\u043e\u0440\u043e\u043d\u043d\u0438\u0435 \u043f\u043e\u0441\u0442\u0430\u0432\u0449\u0438\u043a\u0438 \u0443\u0441\u043b\u0443\u0433 \u043c\u043e\u0433\u0443\u0442 \u0441\u043e\u0431\u0438\u0440\u0430\u0442\u044c \u0438\u043d\u0444\u043e\u0440\u043c\u0430\u0446\u0438\u044e \u0432 \u0441\u043e\u043e\u0442\u0432\u0435\u0442\u0441\u0442\u0432\u0438\u0438 \u0441\u043e \u0441\u0432\u043e\u0438\u043c\u0438 \u0441\u043e\u0431\u0441\u0442\u0432\u0435\u043d\u043d\u044b\u043c\u0438 \u043f\u043e\u043b\u0438\u0442\u0438\u043a\u0430\u043c\u0438 \u043a\u043e\u043d\u0444\u0438\u0434\u0435\u043d\u0446\u0438\u0430\u043b\u044c\u043d\u043e\u0441\u0442\u0438.<\/p><h2 data-section-id=\"1nv7h36\" data-start=\"2107\" data-end=\"2128\">\u0443\u043f\u0440\u0430\u0432\u043b\u0435\u043d\u0438\u0435 \u0444\u0430\u0439\u043b\u0430\u043c\u0438 cookie<\/h2><p data-start=\"2130\" data-end=\"2288\">\u041f\u0440\u0438 \u043f\u0435\u0440\u0432\u043e\u043c \u043f\u043e\u0441\u0435\u0449\u0435\u043d\u0438\u0438 \u043d\u0430\u0448\u0435\u0433\u043e \u0441\u0430\u0439\u0442\u0430 \u0432\u0430\u043c \u0431\u0443\u0434\u0435\u0442 \u043f\u043e\u043a\u0430\u0437\u0430\u043d \u0431\u0430\u043d\u043d\u0435\u0440, \u043f\u043e\u0437\u0432\u043e\u043b\u044f\u044e\u0449\u0438\u0439 \u043f\u0440\u0438\u043d\u044f\u0442\u044c, \u043e\u0442\u043a\u043b\u043e\u043d\u0438\u0442\u044c \u0438\u043b\u0438 \u043d\u0430\u0441\u0442\u0440\u043e\u0438\u0442\u044c \u0444\u0430\u0439\u043b\u044b cookie \u0432 \u0441\u043e\u043e\u0442\u0432\u0435\u0442\u0441\u0442\u0432\u0438\u0438 \u0441 \u0432\u0430\u0448\u0438\u043c\u0438 \u043f\u0440\u0435\u0434\u043f\u043e\u0447\u0442\u0435\u043d\u0438\u044f\u043c\u0438.<\/p><p data-start=\"2290\" data-end=\"2461\">\u0412\u044b \u0442\u0430\u043a\u0436\u0435 \u043c\u043e\u0436\u0435\u0442\u0435 \u043d\u0430\u0441\u0442\u0440\u043e\u0438\u0442\u044c \u0438\u043b\u0438 \u0443\u0434\u0430\u043b\u0438\u0442\u044c \u0444\u0430\u0439\u043b\u044b cookie \u043d\u0435\u043f\u043e\u0441\u0440\u0435\u0434\u0441\u0442\u0432\u0435\u043d\u043d\u043e \u0432 \u0441\u0432\u043e\u0435\u043c \u0431\u0440\u0430\u0443\u0437\u0435\u0440\u0435. \u041d\u0438\u0436\u0435 \u043f\u0440\u0438\u0432\u0435\u0434\u0435\u043d\u044b \u0441\u0441\u044b\u043b\u043a\u0438 \u0441 \u0438\u043d\u0441\u0442\u0440\u0443\u043a\u0446\u0438\u044f\u043c\u0438 \u0434\u043b\u044f \u043d\u0430\u0438\u0431\u043e\u043b\u0435\u0435 \u0440\u0430\u0441\u043f\u0440\u043e\u0441\u0442\u0440\u0430\u043d\u0435\u043d\u043d\u044b\u0445 \u0431\u0440\u0430\u0443\u0437\u0435\u0440\u043e\u0432:<\/p><ul data-start=\"2463\" data-end=\"2530\"><li data-section-id=\"zjiu4f\" data-start=\"2463\" data-end=\"2480\"><p data-start=\"2465\" data-end=\"2480\">Google Chrome<\/p><\/li><li data-section-id=\"4mrvch\" data-start=\"2481\" data-end=\"2500\"><p data-start=\"2483\" data-end=\"2500\">Mozilla Firefox<\/p><\/li><li data-section-id=\"bcdque\" data-start=\"2501\" data-end=\"2511\"><p data-start=\"2503\" data-end=\"2511\">\u0421\u0430\u0444\u0430\u0440\u0438<\/p><\/li><li data-section-id=\"1wlcinz\" data-start=\"2512\" data-end=\"2530\"><p data-start=\"2514\" data-end=\"2530\">Microsoft Edge<\/p><\/li><\/ul><h2 data-section-id=\"1dhgrbf\" data-start=\"2532\" data-end=\"2562\">\u0445\u0440\u0430\u043d\u0435\u043d\u0438\u0435 \u0444\u0430\u0439\u043b\u043e\u0432 cookie<\/h2><p data-start=\"2564\" data-end=\"2703\">\u0424\u0430\u0439\u043b\u044b cookie \u0431\u0443\u0434\u0443\u0442 \u0445\u0440\u0430\u043d\u0438\u0442\u044c\u0441\u044f \u0441\u0442\u043e\u043b\u044c\u043a\u043e, \u0441\u043a\u043e\u043b\u044c\u043a\u043e \u043d\u0435\u043e\u0431\u0445\u043e\u0434\u0438\u043c\u043e \u0434\u043b\u044f \u0432\u044b\u043f\u043e\u043b\u043d\u0435\u043d\u0438\u044f \u0438\u0445 \u0437\u0430\u0434\u0430\u0447\u0438, \u0438\u043b\u0438 \u0434\u043e \u0442\u0435\u0445 \u043f\u043e\u0440, \u043f\u043e\u043a\u0430 \u043f\u043e\u043b\u044c\u0437\u043e\u0432\u0430\u0442\u0435\u043b\u044c \u043d\u0435 \u0443\u0434\u0430\u043b\u0438\u0442 \u0438\u0445 \u0438\u0437 \u0441\u0432\u043e\u0435\u0433\u043e \u0431\u0440\u0430\u0443\u0437\u0435\u0440\u0430.<\/p><h2 data-section-id=\"1imr44h\" data-start=\"2705\" data-end=\"2748\">\u0418\u0437\u043c\u0435\u043d\u0435\u043d\u0438\u044f \u0432 \u043f\u043e\u043b\u0438\u0442\u0438\u043a\u0435 \u0438\u0441\u043f\u043e\u043b\u044c\u0437\u043e\u0432\u0430\u043d\u0438\u044f \u0444\u0430\u0439\u043b\u043e\u0432 cookie<\/h2><p data-start=\"2750\" data-end=\"2913\">\u041c\u044b \u043e\u0441\u0442\u0430\u0432\u043b\u044f\u0435\u043c \u0437\u0430 \u0441\u043e\u0431\u043e\u0439 \u043f\u0440\u0430\u0432\u043e \u0438\u0437\u043c\u0435\u043d\u044f\u0442\u044c \u043d\u0430\u0441\u0442\u043e\u044f\u0449\u0443\u044e \u041f\u043e\u043b\u0438\u0442\u0438\u043a\u0443 \u0438\u0441\u043f\u043e\u043b\u044c\u0437\u043e\u0432\u0430\u043d\u0438\u044f \u0444\u0430\u0439\u043b\u043e\u0432 cookie \u0432 \u0441\u043e\u043e\u0442\u0432\u0435\u0442\u0441\u0442\u0432\u0438\u0438 \u0441 \u0437\u0430\u043a\u043e\u043d\u043e\u0434\u0430\u0442\u0435\u043b\u044c\u043d\u044b\u043c\u0438 \u0438\u043b\u0438 \u0442\u0435\u0445\u043d\u0438\u0447\u0435\u0441\u043a\u0438\u043c\u0438 \u0438\u0437\u043c\u0435\u043d\u0435\u043d\u0438\u044f\u043c\u0438. \u0420\u0435\u043a\u043e\u043c\u0435\u043d\u0434\u0443\u0435\u043c \u043f\u0435\u0440\u0438\u043e\u0434\u0438\u0447\u0435\u0441\u043a\u0438 \u043f\u0440\u043e\u0441\u043c\u0430\u0442\u0440\u0438\u0432\u0430\u0442\u044c \u044d\u0442\u0443 \u0441\u0442\u0440\u0430\u043d\u0438\u0446\u0443.<\/p><h2 data-section-id=\"1c78x6y\" data-start=\"2915\" data-end=\"2926\">\u041a\u043e\u043d\u0442\u0430\u043a\u0442<\/h2><p data-start=\"2928\" data-end=\"3053\">\u0415\u0441\u043b\u0438 \u0443 \u0432\u0430\u0441 \u0432\u043e\u0437\u043d\u0438\u043a\u043b\u0438 \u0432\u043e\u043f\u0440\u043e\u0441\u044b \u043e\u0442\u043d\u043e\u0441\u0438\u0442\u0435\u043b\u044c\u043d\u043e \u0434\u0430\u043d\u043d\u043e\u0439 \u043f\u043e\u043b\u0438\u0442\u0438\u043a\u0438 \u0438\u0441\u043f\u043e\u043b\u044c\u0437\u043e\u0432\u0430\u043d\u0438\u044f \u0444\u0430\u0439\u043b\u043e\u0432 cookie \u0438\u043b\u0438 \u0438\u0441\u043f\u043e\u043b\u044c\u0437\u043e\u0432\u0430\u043d\u0438\u044f \u0444\u0430\u0439\u043b\u043e\u0432 cookie \u043d\u0430 \u044d\u0442\u043e\u043c \u0432\u0435\u0431-\u0441\u0430\u0439\u0442\u0435, \u0432\u044b \u043c\u043e\u0436\u0435\u0442\u0435 \u0441\u0432\u044f\u0437\u0430\u0442\u044c\u0441\u044f \u0441 \u043d\u0430\u043c\u0438 \u043f\u043e \u0430\u0434\u0440\u0435\u0441\u0443:<\/p><p data-start=\"3055\" data-end=\"3140\"><strong data-start=\"3055\" data-end=\"3078\">\u042d\u043b\u0435\u043a\u0442\u0440\u043e\u043d\u043d\u0430\u044f \u043f\u043e\u0447\u0442\u0430:<\/strong> <a class=\"decorated-link cursor-pointer\" rel=\"noopener\" data-start=\"3079\" data-end=\"3107\">zonadeporteoutdoor@gmail.com<\/a><br data-start=\"3107\" data-end=\"3110\" \/><strong data-start=\"3110\" data-end=\"3123\">\u0422\u0435\u043b\u0435\u0444\u043e\u043d:<\/strong> +34 632 929142<\/p>\t\t\t\t\t\t\t\t<\/div>\n\t\t\t\t<\/div>\n\t\t\t\t\t<\/div>\n\t\t\t\t<\/div>\n\t\t\t\t<\/div>","protected":false},"excerpt":{"rendered":"<p>Pol\u00edticas De Cookies En este sitio web utilizamos cookies para mejorar la experiencia de navegaci\u00f3n de los usuarios y garantizar el correcto funcionamiento de la p\u00e1gina. A continuaci\u00f3n, te explicamos qu\u00e9 son las cookies, qu\u00e9 tipos utilizamos y c\u00f3mo puedes gestionarlas. \u00bfQu\u00e9 son las cookies? Las cookies son peque\u00f1os archivos de texto que se almacenan en tu dispositivo cuando visitas un sitio web. Estas permiten que la p\u00e1gina recuerde informaci\u00f3n sobre tu visita, como el idioma preferido o las p\u00e1ginas visitadas, facilitando tu pr\u00f3xima navegaci\u00f3n. Las cookies no da\u00f1an tu dispositivo y ayudan a mejorar la calidad y funcionalidad del sitio web. Tipos de cookies que utilizamos Cookies necesarias Estas cookies son esenciales para el funcionamiento del sitio web y no pueden desactivarse en nuestros sistemas. Normalmente solo se establecen en respuesta a acciones realizadas por el usuario, como ajustar preferencias de privacidad o completar formularios. Cookies de an\u00e1lisis Estas cookies nos permiten analizar c\u00f3mo interact\u00faan los usuarios con el sitio web, recopilando informaci\u00f3n sobre el n\u00famero de visitantes, las p\u00e1ginas m\u00e1s visitadas o el tiempo de navegaci\u00f3n. Esta informaci\u00f3n nos ayuda a mejorar el funcionamiento del sitio. Cookies de rendimiento Las cookies de rendimiento se utilizan para comprender y analizar los indicadores clave del rendimiento del sitio web con el objetivo de ofrecer una mejor experiencia de usuario. Cookies publicitarias Estas cookies pueden ser utilizadas para mostrar anuncios relevantes para los usuarios y medir la eficacia de las campa\u00f1as publicitarias. Cookies de terceros En algunos casos, podemos utilizar cookies proporcionadas por servicios de terceros que nos ayudan a analizar el uso del sitio web o mejorar nuestros servicios. Estos proveedores externos pueden recopilar informaci\u00f3n de acuerdo con sus propias pol\u00edticas de privacidad. Gesti\u00f3n de cookies Cuando visitas nuestro sitio web por primera vez, se te mostrar\u00e1 un banner que te permitir\u00e1 aceptar, rechazar o configurar las cookies seg\u00fan tus preferencias. Tambi\u00e9n puedes configurar o eliminar las cookies directamente desde tu navegador. A continuaci\u00f3n, te dejamos enlaces con instrucciones para los navegadores m\u00e1s utilizados: Google Chrome Mozilla Firefox Safari Microsoft Edge Conservaci\u00f3n de las cookies Las cookies se conservar\u00e1n durante el tiempo necesario para cumplir con su finalidad o hasta que el usuario las elimine desde su navegador. Modificaciones de la pol\u00edtica de cookies Nos reservamos el derecho de modificar esta Pol\u00edtica de Cookies para adaptarla a cambios legislativos o t\u00e9cnicos. Se recomienda revisar esta p\u00e1gina peri\u00f3dicamente. Contacto Si tienes dudas sobre esta Pol\u00edtica de Cookies o sobre el uso de cookies en este sitio web, puedes contactar con nosotros en: Correo electr\u00f3nico: zonadeporteoutdoor@gmail.comTel\u00e9fono: +34 632 929142<\/p>","protected":false},"author":1,"featured_media":0,"parent":0,"menu_order":0,"comment_status":"closed","ping_status":"closed","template":"elementor_header_footer","meta":{"_uag_custom_page_level_css":"","site-sidebar-layout":"no-sidebar","site-content-layout":"page-builder","ast-site-content-layout":"full-width-container","site-content-style":"default","site-sidebar-style":"default","ast-global-header-display":"","ast-banner-title-visibility":"","ast-main-header-display":"","ast-hfb-above-header-display":"","ast-hfb-below-header-display":"","ast-hfb-mobile-header-display":"","site-post-title":"","ast-breadcrumbs-content":"","ast-featured-img":"disabled","footer-sml-layout":"","ast-disable-related-posts":"","theme-transparent-header-meta":"","adv-header-id-meta":"","stick-header-meta":"","header-above-stick-meta":"","header-main-stick-meta":"","header-below-stick-meta":"","astra-migrate-meta-layouts":"set","ast-page-background-enabled":"default","ast-page-background-meta":{"desktop":{"background-color":"","background-image":"","background-repeat":"repeat","background-position":"center center","background-size":"auto","background-attachment":"scroll","background-type":"","background-media":"","overlay-type":"","overlay-color":"","overlay-opacity":"","overlay-gradient":""},"tablet":{"background-color":"","background-image":"","background-repeat":"repeat","background-position":"center center","background-size":"auto","background-attachment":"scroll","background-type":"","background-media":"","overlay-type":"","overlay-color":"","overlay-opacity":"","overlay-gradient":""},"mobile":{"background-color":"","background-image":"","background-repeat":"repeat","background-position":"center center","background-size":"auto","background-attachment":"scroll","background-type":"","background-media":"","overlay-type":"","overlay-color":"","overlay-opacity":"","overlay-gradient":""}},"ast-content-background-meta":{"desktop":{"background-color":"var(--ast-global-color-5)","background-image":"","background-repeat":"repeat","background-position":"center center","background-size":"auto","background-attachment":"scroll","background-type":"","background-media":"","overlay-type":"","overlay-color":"","overlay-opacity":"","overlay-gradient":""},"tablet":{"background-color":"var(--ast-global-color-5)","background-image":"","background-repeat":"repeat","background-position":"center center","background-size":"auto","background-attachment":"scroll","background-type":"","background-media":"","overlay-type":"","overlay-color":"","overlay-opacity":"","overlay-gradient":""},"mobile":{"background-color":"var(--ast-global-color-5)","background-image":"","background-repeat":"repeat","background-position":"center center","background-size":"auto","background-attachment":"scroll","background-type":"","background-media":"","overlay-type":"","overlay-color":"","overlay-opacity":"","overlay-gradient":""}},"_joinchat":[],"footnotes":""},"class_list":["post-2089","page","type-page","status-publish","hentry"],"_hostinger_reach_plugin_has_subscription_block":false,"_hostinger_reach_plugin_is_elementor":false,"uagb_featured_image_src":{"full":false,"thumbnail":false,"medium":false,"medium_large":false,"large":false,"1536x1536":false,"2048x2048":false,"trp-custom-language-flag":false},"uagb_author_info":{"display_name":"gerardberroya@gmail.com","author_link":"https:\/\/caterpy.store\/ru\/author\/gerardberroyagmail-com\/"},"uagb_comment_info":0,"uagb_excerpt":"Pol\u00edticas De Cookies En este sitio web utilizamos cookies para mejorar la experiencia de navegaci\u00f3n de los usuarios y garantizar el correcto funcionamiento de la p\u00e1gina. A continuaci\u00f3n, te explicamos qu\u00e9 son las cookies, qu\u00e9 tipos utilizamos y c\u00f3mo puedes gestionarlas. \u00bfQu\u00e9 son las cookies? Las cookies son peque\u00f1os archivos de texto que se almacenan&hellip;","_links":{"self":[{"href":"https:\/\/caterpy.store\/ru\/wp-json\/wp\/v2\/pages\/2089","targetHints":{"allow":["GET"]}}],"collection":[{"href":"https:\/\/caterpy.store\/ru\/wp-json\/wp\/v2\/pages"}],"about":[{"href":"https:\/\/caterpy.store\/ru\/wp-json\/wp\/v2\/types\/page"}],"author":[{"embeddable":true,"href":"https:\/\/caterpy.store\/ru\/wp-json\/wp\/v2\/users\/1"}],"replies":[{"embeddable":true,"href":"https:\/\/caterpy.store\/ru\/wp-json\/wp\/v2\/comments?post=2089"}],"version-history":[{"count":7,"href":"https:\/\/caterpy.store\/ru\/wp-json\/wp\/v2\/pages\/2089\/revisions"}],"predecessor-version":[{"id":2096,"href":"https:\/\/caterpy.store\/ru\/wp-json\/wp\/v2\/pages\/2089\/revisions\/2096"}],"wp:attachment":[{"href":"https:\/\/caterpy.store\/ru\/wp-json\/wp\/v2\/media?parent=2089"}],"curies":[{"name":"wp","href":"https:\/\/api.w.org\/{rel}","templated":true}]}}